{"id":1298,"date":"2024-09-12T11:04:13","date_gmt":"2024-09-12T17:04:13","guid":{"rendered":"https:\/\/xochimilcotrajineras.com\/?post_type=product&#038;p=1298"},"modified":"2024-09-18T08:50:40","modified_gmt":"2024-09-18T14:50:40","slug":"micheladas-1-2l","status":"publish","type":"product","link":"https:\/\/xochimilcotrajineras.com\/en\/producto\/micheladas-1-2l\/","title":{"rendered":"Micheladas 1.2L"},"content":{"rendered":"<p>Cervezas ( corona \u2013 victoria \u2013 le\u00f3n \u2013 xx \u2013 indio)<\/p>\n<ul>\n<li>Tradicional (escarchado taj\u00edn y adentro sal y lim\u00f3n)<\/li>\n<li>Chelada (escarchado de sal y adentro sal y lim\u00f3n)<\/li>\n<li>Cubana (escarchado de taj\u00edn y adentro sal, lim\u00f3n, salsa inglesa, jugo Maggi, picante)<\/li>\n<li>Clamato (escarchado de taj\u00edn y adentro sal, lim\u00f3n, salsa inglesa, jugo Maggi, picante y clamato)<\/li>\n<li>Clamato Chelada (escarchado de sal y adentro sal, lim\u00f3n y clamato)<\/li>\n<li>Sabor fresa, mago, tamarindo, mora azul, uva, miguelito (escarchado con el sabor y adentro el sabor con lim\u00f3n y sal)<\/li>\n<\/ul>\n","protected":false},"excerpt":{"rendered":"<p>Cervezas ( corona \u2013 victoria \u2013 le\u00f3n \u2013 xx \u2013 indio) Tradicional (escarchado taj\u00edn y adentro sal y lim\u00f3n) Chelada (escarchado de sal y adentro sal y lim\u00f3n) Cubana (escarchado de taj\u00edn y adentro sal, lim\u00f3n, salsa inglesa, jugo Maggi, picante) Clamato (escarchado de taj\u00edn y adentro sal, lim\u00f3n, salsa inglesa, jugo Maggi, picante y [&hellip;]<\/p>\n","protected":false},"featured_media":1620,"template":"","meta":{"_joinchat":[]},"product_brand":[],"product_cat":[37],"product_tag":[],"class_list":{"0":"post-1298","1":"product","2":"type-product","3":"status-publish","4":"has-post-thumbnail","6":"product_cat-adicionales","8":"first","9":"instock","10":"shipping-taxable","11":"purchasable","12":"product-type-simple"},"_links":{"self":[{"href":"https:\/\/xochimilcotrajineras.com\/en\/wp-json\/wp\/v2\/product\/1298","targetHints":{"allow":["GET"]}}],"collection":[{"href":"https:\/\/xochimilcotrajineras.com\/en\/wp-json\/wp\/v2\/product"}],"about":[{"href":"https:\/\/xochimilcotrajineras.com\/en\/wp-json\/wp\/v2\/types\/product"}],"version-history":[{"count":0,"href":"https:\/\/xochimilcotrajineras.com\/en\/wp-json\/wp\/v2\/product\/1298\/revisions"}],"wp:featuredmedia":[{"embeddable":true,"href":"https:\/\/xochimilcotrajineras.com\/en\/wp-json\/wp\/v2\/media\/1620"}],"wp:attachment":[{"href":"https:\/\/xochimilcotrajineras.com\/en\/wp-json\/wp\/v2\/media?parent=1298"}],"wp:term":[{"taxonomy":"product_brand","embeddable":true,"href":"https:\/\/xochimilcotrajineras.com\/en\/wp-json\/wp\/v2\/product_brand?post=1298"},{"taxonomy":"product_cat","embeddable":true,"href":"https:\/\/xochimilcotrajineras.com\/en\/wp-json\/wp\/v2\/product_cat?post=1298"},{"taxonomy":"product_tag","embeddable":true,"href":"https:\/\/xochimilcotrajineras.com\/en\/wp-json\/wp\/v2\/product_tag?post=1298"}],"curies":[{"name":"wp","href":"https:\/\/api.w.org\/{rel}","templated":true}]}}